{"id":59,"date":"2015-01-16T14:37:42","date_gmt":"2015-01-16T14:37:42","guid":{"rendered":"http:\/\/lades-steuerberatung.de\/?page_id=59"},"modified":"2015-03-20T10:39:40","modified_gmt":"2015-03-20T10:39:40","slug":"vertretung-von-finanzbehoerden","status":"publish","type":"page","link":"https:\/\/www.lades-steuerberatung.de\/?page_id=59","title":{"rendered":"Vertretung vor Finanzbeh\u00f6rden und Finanzgericht"},"content":{"rendered":"<p>St\u00e4ndige Ver\u00e4nderungen und Neuerungen der Rechtslage k\u00f6nnen speziell bei mittleren und gr\u00f6\u00dferen Unternehmen zu Problemen und Schwierigkeiten im Rechnungswesen, beim Jahresabschluss oder in der Lohnbuchhaltung f\u00fchren. Bei Problemen mit der Finanzbeh\u00f6rde und dem Finanzgericht \u00fcbernehmen wir f\u00fcr Sie die Vertretung.<\/p>\n<p>Wir unterst\u00fctzen Sie bei Einspruchsverfahren und Antr\u00e4gen und \u00fcbernehmen die umfassende Betreuung bei steuerlichen Betriebspr\u00fcfungen.<\/p>\n<p>&nbsp;<\/p>\n<p><strong><a title=\"Kontakt\" href=\"http:\/\/lades-steuerberatung.de\/?page_id=21\">Kontaktieren Sie uns.<\/a><\/strong><\/p>\n","protected":false},"excerpt":{"rendered":"<p>St\u00e4ndige Ver\u00e4nderungen und Neuerungen der Rechtslage k\u00f6nnen speziell bei mittleren und gr\u00f6\u00dferen Unternehmen zu Problemen und Schwierigkeiten im Rechnungswesen, beim Jahresabschluss oder in der Lohnbuchhaltung f\u00fchren. Bei Problemen mit der Finanzbeh\u00f6rde und dem Finanzgericht \u00fcbernehmen wir f\u00fcr Sie die Vertretung. &hellip; <a href=\"https:\/\/www.lades-steuerberatung.de\/?page_id=59\">Weiter<\/a><\/p>\n","protected":false},"author":1,"featured_media":0,"parent":0,"menu_order":0,"comment_status":"closed","ping_status":"closed","template":"","meta":{"kt_blocks_editor_width":""},"_links":{"self":[{"href":"https:\/\/www.lades-steuerberatung.de\/index.php?rest_route=\/wp\/v2\/pages\/59"}],"collection":[{"href":"https:\/\/www.lades-steuerberatung.de\/index.php?rest_route=\/wp\/v2\/pages"}],"about":[{"href":"https:\/\/www.lades-steuerberatung.de\/index.php?rest_route=\/wp\/v2\/types\/page"}],"author":[{"embeddable":true,"href":"https:\/\/www.lades-steuerberatung.de\/index.php?rest_route=\/wp\/v2\/users\/1"}],"replies":[{"embeddable":true,"href":"https:\/\/www.lades-steuerberatung.de\/index.php?rest_route=%2Fwp%2Fv2%2Fcomments&post=59"}],"version-history":[{"count":4,"href":"https:\/\/www.lades-steuerberatung.de\/index.php?rest_route=\/wp\/v2\/pages\/59\/revisions"}],"predecessor-version":[{"id":141,"href":"https:\/\/www.lades-steuerberatung.de\/index.php?rest_route=\/wp\/v2\/pages\/59\/revisions\/141"}],"wp:attachment":[{"href":"https:\/\/www.lades-steuerberatung.de\/index.php?rest_route=%2Fwp%2Fv2%2Fmedia&parent=59"}],"curies":[{"name":"wp","href":"https:\/\/api.w.org\/{rel}","templated":true}]}}