{"id":57,"date":"2015-01-16T14:37:07","date_gmt":"2015-01-16T14:37:07","guid":{"rendered":"http:\/\/lades-steuerberatung.de\/?page_id=57"},"modified":"2015-03-20T10:39:17","modified_gmt":"2015-03-20T10:39:17","slug":"erstellung-von-jahresabschluessen","status":"publish","type":"page","link":"https:\/\/www.lades-steuerberatung.de\/?page_id=57","title":{"rendered":"Erstellung von Jahresabschl\u00fcssen"},"content":{"rendered":"<p>Die Erstellung von Jahresabschl\u00fcssen, so wie Einnahme- und \u00dcberschussrechnungen speziell f\u00fcr Ihre Unternehmensform in kompakter und aussagekr\u00e4ftiger Form geh\u00f6ren zu unseren Dienstleistungen f\u00fcr Sie. Zudem k\u00fcmmern wir uns um die Erstellung von Sonder- und Erg\u00e4nzungsbilanzen sowie verk\u00fcrzte Bilanzen zur Offenlegung oder Er\u00f6ffnungs- und Auseinandersetzungsbilanzen.<\/p>\n<p>&nbsp;<\/p>\n<p><strong><a title=\"Kontakt\" href=\"http:\/\/lades-steuerberatung.de\/?page_id=21\">Kontaktieren Sie uns.<\/a><\/strong><\/p>\n","protected":false},"excerpt":{"rendered":"<p>Die Erstellung von Jahresabschl\u00fcssen, so wie Einnahme- und \u00dcberschussrechnungen speziell f\u00fcr Ihre Unternehmensform in kompakter und aussagekr\u00e4ftiger Form geh\u00f6ren zu unseren Dienstleistungen f\u00fcr Sie. Zudem k\u00fcmmern wir uns um die Erstellung von Sonder- und Erg\u00e4nzungsbilanzen sowie verk\u00fcrzte Bilanzen zur Offenlegung &hellip; <a href=\"https:\/\/www.lades-steuerberatung.de\/?page_id=57\">Weiter<\/a><\/p>\n","protected":false},"author":1,"featured_media":0,"parent":0,"menu_order":0,"comment_status":"closed","ping_status":"closed","template":"","meta":{"kt_blocks_editor_width":""},"_links":{"self":[{"href":"https:\/\/www.lades-steuerberatung.de\/index.php?rest_route=\/wp\/v2\/pages\/57"}],"collection":[{"href":"https:\/\/www.lades-steuerberatung.de\/index.php?rest_route=\/wp\/v2\/pages"}],"about":[{"href":"https:\/\/www.lades-steuerberatung.de\/index.php?rest_route=\/wp\/v2\/types\/page"}],"author":[{"embeddable":true,"href":"https:\/\/www.lades-steuerberatung.de\/index.php?rest_route=\/wp\/v2\/users\/1"}],"replies":[{"embeddable":true,"href":"https:\/\/www.lades-steuerberatung.de\/index.php?rest_route=%2Fwp%2Fv2%2Fcomments&post=57"}],"version-history":[{"count":4,"href":"https:\/\/www.lades-steuerberatung.de\/index.php?rest_route=\/wp\/v2\/pages\/57\/revisions"}],"predecessor-version":[{"id":139,"href":"https:\/\/www.lades-steuerberatung.de\/index.php?rest_route=\/wp\/v2\/pages\/57\/revisions\/139"}],"wp:attachment":[{"href":"https:\/\/www.lades-steuerberatung.de\/index.php?rest_route=%2Fwp%2Fv2%2Fmedia&parent=57"}],"curies":[{"name":"wp","href":"https:\/\/api.w.org\/{rel}","templated":true}]}}