{"id":55,"date":"2015-01-16T14:36:15","date_gmt":"2015-01-16T14:36:15","guid":{"rendered":"http:\/\/lades-steuerberatung.de\/?page_id=55"},"modified":"2015-03-20T10:39:26","modified_gmt":"2015-03-20T10:39:26","slug":"erstellung-von-steuererklaerungen","status":"publish","type":"page","link":"https:\/\/www.lades-steuerberatung.de\/?page_id=55","title":{"rendered":"Erstellung von Steuererkl\u00e4rungen"},"content":{"rendered":"<p>Undurchsichtige, seitenlange Formulare und st\u00e4ndige Gesetzes\u00e4nderungen \u2013 f\u00fcr manche eine un\u00fcberwindbare H\u00fcrde! Wir \u00fcbernehmen f\u00fcr Sie die Bearbeitung und Erstellung der Steuererkl\u00e4rungen f\u00fcr Privatpersonen und Unternehmen.<br \/>\nDazu geh\u00f6ren die Erstellung von monatlichen, j\u00e4hrlichen oder einmaligen Steuererkl\u00e4rungen wie die Einkommensteuer, Umsatzsteuer, Gewerbesteuer, K\u00f6rperschaftsteuer, gesonderte und einheitliche Gewinnfeststellung so wie Schenkung- und Erbschaftsteuererkl\u00e4rung.<\/p>\n<p>&nbsp;<\/p>\n<p><strong><a title=\"Kontakt\" href=\"http:\/\/lades-steuerberatung.de\/?page_id=21\">Kontaktieren Sie uns.<\/a><\/strong><\/p>\n","protected":false},"excerpt":{"rendered":"<p>Undurchsichtige, seitenlange Formulare und st\u00e4ndige Gesetzes\u00e4nderungen \u2013 f\u00fcr manche eine un\u00fcberwindbare H\u00fcrde! Wir \u00fcbernehmen f\u00fcr Sie die Bearbeitung und Erstellung der Steuererkl\u00e4rungen f\u00fcr Privatpersonen und Unternehmen. Dazu geh\u00f6ren die Erstellung von monatlichen, j\u00e4hrlichen oder einmaligen Steuererkl\u00e4rungen wie die Einkommensteuer, Umsatzsteuer, &hellip; <a href=\"https:\/\/www.lades-steuerberatung.de\/?page_id=55\">Weiter<\/a><\/p>\n","protected":false},"author":1,"featured_media":0,"parent":0,"menu_order":0,"comment_status":"closed","ping_status":"closed","template":"","meta":{"kt_blocks_editor_width":""},"_links":{"self":[{"href":"https:\/\/www.lades-steuerberatung.de\/index.php?rest_route=\/wp\/v2\/pages\/55"}],"collection":[{"href":"https:\/\/www.lades-steuerberatung.de\/index.php?rest_route=\/wp\/v2\/pages"}],"about":[{"href":"https:\/\/www.lades-steuerberatung.de\/index.php?rest_route=\/wp\/v2\/types\/page"}],"author":[{"embeddable":true,"href":"https:\/\/www.lades-steuerberatung.de\/index.php?rest_route=\/wp\/v2\/users\/1"}],"replies":[{"embeddable":true,"href":"https:\/\/www.lades-steuerberatung.de\/index.php?rest_route=%2Fwp%2Fv2%2Fcomments&post=55"}],"version-history":[{"count":4,"href":"https:\/\/www.lades-steuerberatung.de\/index.php?rest_route=\/wp\/v2\/pages\/55\/revisions"}],"predecessor-version":[{"id":140,"href":"https:\/\/www.lades-steuerberatung.de\/index.php?rest_route=\/wp\/v2\/pages\/55\/revisions\/140"}],"wp:attachment":[{"href":"https:\/\/www.lades-steuerberatung.de\/index.php?rest_route=%2Fwp%2Fv2%2Fmedia&parent=55"}],"curies":[{"name":"wp","href":"https:\/\/api.w.org\/{rel}","templated":true}]}}