{"id":51,"date":"2015-01-16T14:35:23","date_gmt":"2015-01-16T14:35:23","guid":{"rendered":"http:\/\/lades-steuerberatung.de\/?page_id=51"},"modified":"2015-03-20T10:38:34","modified_gmt":"2015-03-20T10:38:34","slug":"erstellung-der-finanzbuchhaltung","status":"publish","type":"page","link":"https:\/\/www.lades-steuerberatung.de\/?page_id=51","title":{"rendered":"Erstellung der Finanzbuchhaltung und Lohnbuchhaltung"},"content":{"rendered":"<blockquote><p>Finanzbuchhaltung<\/p><\/blockquote>\n<p>Die Finanzbuchhaltung ist die wesentliche Grundlage f\u00fcr Ihre Unternehmenssteuerung. Sie ist die Basis f\u00fcr die Erstellung des Jahresabschlusses, f\u00fcr betriebswirtschaftliche Auswertungen und Instrument zur Kontrolle der betrieblichen Entwicklung. In diesem wichtigen T\u00e4tigkeitsfeld unterst\u00fctzen wir Sie kompetent und mit gr\u00f6\u00dfter Sorgfalt. Wir stellen sicher, dass Ihre Finanzbuchhaltung den gesetzlichen Bestimmungen entspricht und ordnungsgem\u00e4\u00df erstellt wird. Sie k\u00f6nnen sich einen \u00dcberblick \u00fcber die aktuelle Unternehmensentwicklung verschaffen und somit Fehlentwicklungen rechtzeitig erkennen.<\/p>\n<p>Zu unseren Leistungen geh\u00f6ren z.B. umfassender Buchf\u00fchrungs-Service mit Kontierung, Eingabe, Auswertung und Kontrolle zur wirtschaftlichen Beurteilung ihres Unternehmens geh\u00f6ren ebenso zu unserem Angebot wie beispielsweise Anlagenbuchf\u00fchrung, Erstellung von Umsatzsteuervoranmeldungen und der zusammenfassender Meldung an das BzSt.<\/p>\n<p>&nbsp;<\/p>\n<blockquote><p>Lohnbuchhaltung<\/p><\/blockquote>\n<p>Durch die st\u00e4ndigen \u00c4nderungen im Steuer- und Sozialversicherungsrecht wird die Lohn- und Gehaltsbuchf\u00fchrung f\u00fcr kleine und mittelgro\u00dfe Unternehmen zu einer zeit- und kostenintensiven Aufgabe, die immer komplizierter wird.<br \/>\nWir bieten Ihnen eine schnelle und kosteng\u00fcnstige Bearbeitung Ihrer Daten durch unsere professionell geschulten Mitarbeiter und durch den Einsatz moderner Software. Wir \u00fcbernehmen die Lohn- und Gehaltsbuchf\u00fchrung f\u00fcr Sie \u2013 von der Unterst\u00fctzung bei Einzelfragen bis zur kompletten Erledigung aller Abrechnungsvorg\u00e4nge und Meldungen<\/p>\n<p>So k\u00f6nnen sie sich unserer Unterst\u00fctzung, z.B. beim Erstellen von den laufenden Lohn- und Gehaltsabrechnungen, den Lohnsteueranmeldungen, die Meldungen an die Berufsgenossenschaften, Krankenkassen und die Sozialversicherungstr\u00e4ger, bei der Betreuung von Lohnsteuer- und Sozialversicherungspr\u00fcfungen und bei der betrieblichen Altersvorsorge, sicher sein.<\/p>\n<p>&nbsp;<\/p>\n<p><strong><a title=\"Kontakt\" href=\"http:\/\/lades-steuerberatung.de\/?page_id=21\">Kontaktieren Sie uns.<\/a><\/strong><\/p>\n","protected":false},"excerpt":{"rendered":"<p>Finanzbuchhaltung Die Finanzbuchhaltung ist die wesentliche Grundlage f\u00fcr Ihre Unternehmenssteuerung. Sie ist die Basis f\u00fcr die Erstellung des Jahresabschlusses, f\u00fcr betriebswirtschaftliche Auswertungen und Instrument zur Kontrolle der betrieblichen Entwicklung. In diesem wichtigen T\u00e4tigkeitsfeld unterst\u00fctzen wir Sie kompetent und mit gr\u00f6\u00dfter &hellip; <a href=\"https:\/\/www.lades-steuerberatung.de\/?page_id=51\">Weiter<\/a><\/p>\n","protected":false},"author":1,"featured_media":0,"parent":0,"menu_order":0,"comment_status":"closed","ping_status":"closed","template":"","meta":{"kt_blocks_editor_width":""},"_links":{"self":[{"href":"https:\/\/www.lades-steuerberatung.de\/index.php?rest_route=\/wp\/v2\/pages\/51"}],"collection":[{"href":"https:\/\/www.lades-steuerberatung.de\/index.php?rest_route=\/wp\/v2\/pages"}],"about":[{"href":"https:\/\/www.lades-steuerberatung.de\/index.php?rest_route=\/wp\/v2\/types\/page"}],"author":[{"embeddable":true,"href":"https:\/\/www.lades-steuerberatung.de\/index.php?rest_route=\/wp\/v2\/users\/1"}],"replies":[{"embeddable":true,"href":"https:\/\/www.lades-steuerberatung.de\/index.php?rest_route=%2Fwp%2Fv2%2Fcomments&post=51"}],"version-history":[{"count":5,"href":"https:\/\/www.lades-steuerberatung.de\/index.php?rest_route=\/wp\/v2\/pages\/51\/revisions"}],"predecessor-version":[{"id":137,"href":"https:\/\/www.lades-steuerberatung.de\/index.php?rest_route=\/wp\/v2\/pages\/51\/revisions\/137"}],"wp:attachment":[{"href":"https:\/\/www.lades-steuerberatung.de\/index.php?rest_route=%2Fwp%2Fv2%2Fmedia&parent=51"}],"curies":[{"name":"wp","href":"https:\/\/api.w.org\/{rel}","templated":true}]}}