{"id":49,"date":"2015-01-16T14:34:52","date_gmt":"2015-01-16T14:34:52","guid":{"rendered":"http:\/\/lades-steuerberatung.de\/?page_id=49"},"modified":"2015-03-20T10:37:44","modified_gmt":"2015-03-20T10:37:44","slug":"beratung-bei-existenzgruendung","status":"publish","type":"page","link":"https:\/\/www.lades-steuerberatung.de\/?page_id=49","title":{"rendered":"Beratung bei Existenzgr\u00fcndung"},"content":{"rendered":"<p>Der Schritt in die Selbstst\u00e4ndigkeit will wohl geplant sein. Schlie\u00dflich soll er zu einer dauerhaften und erfolgreichen Existenz f\u00fchren. Es deshalb wichtig, die eigene Ausgangssituation kritisch zu pr\u00fcfen und von Anfang an die richtigen Entscheidungen zu treffen. Sprechen Sie mit uns bei speziellen Fragen zur <strong>Buchf\u00fchrung<\/strong> oder zur <strong>steuerlichen Gestaltung<\/strong> der Existenzgr\u00fcndung.<\/p>\n<p>Zudem helfen wir Ihnen bei der Wahl der f\u00fcr ihre Zwecke aus steuerlicher Sicht am besten geeigneten Rechtsform. Kriterium bei der Wahl der Rechtsform ist dabei auch, Kosten und Verwaltungsaufwand f\u00fcr Sie gering zu halten. Wir unterst\u00fctzen Sie bei der Erstellung eines Businessplans und allen weiteren n\u00f6tigen Schritten zur Selbstst\u00e4ndigkeit.<\/p>\n<p>&nbsp;<\/p>\n<p><strong><a title=\"Kontakt\" href=\"http:\/\/lades-steuerberatung.de\/?page_id=21\">Kontaktieren Sie uns.<\/a><\/strong><\/p>\n","protected":false},"excerpt":{"rendered":"<p>Der Schritt in die Selbstst\u00e4ndigkeit will wohl geplant sein. Schlie\u00dflich soll er zu einer dauerhaften und erfolgreichen Existenz f\u00fchren. Es deshalb wichtig, die eigene Ausgangssituation kritisch zu pr\u00fcfen und von Anfang an die richtigen Entscheidungen zu treffen. Sprechen Sie mit &hellip; <a href=\"https:\/\/www.lades-steuerberatung.de\/?page_id=49\">Weiter<\/a><\/p>\n","protected":false},"author":1,"featured_media":0,"parent":0,"menu_order":0,"comment_status":"closed","ping_status":"closed","template":"","meta":{"kt_blocks_editor_width":""},"_links":{"self":[{"href":"https:\/\/www.lades-steuerberatung.de\/index.php?rest_route=\/wp\/v2\/pages\/49"}],"collection":[{"href":"https:\/\/www.lades-steuerberatung.de\/index.php?rest_route=\/wp\/v2\/pages"}],"about":[{"href":"https:\/\/www.lades-steuerberatung.de\/index.php?rest_route=\/wp\/v2\/types\/page"}],"author":[{"embeddable":true,"href":"https:\/\/www.lades-steuerberatung.de\/index.php?rest_route=\/wp\/v2\/users\/1"}],"replies":[{"embeddable":true,"href":"https:\/\/www.lades-steuerberatung.de\/index.php?rest_route=%2Fwp%2Fv2%2Fcomments&post=49"}],"version-history":[{"count":4,"href":"https:\/\/www.lades-steuerberatung.de\/index.php?rest_route=\/wp\/v2\/pages\/49\/revisions"}],"predecessor-version":[{"id":135,"href":"https:\/\/www.lades-steuerberatung.de\/index.php?rest_route=\/wp\/v2\/pages\/49\/revisions\/135"}],"wp:attachment":[{"href":"https:\/\/www.lades-steuerberatung.de\/index.php?rest_route=%2Fwp%2Fv2%2Fmedia&parent=49"}],"curies":[{"name":"wp","href":"https:\/\/api.w.org\/{rel}","templated":true}]}}