{"id":42,"date":"2015-01-16T13:16:20","date_gmt":"2015-01-16T13:16:20","guid":{"rendered":"http:\/\/lades-steuerberatung.de\/?page_id=42"},"modified":"2015-03-20T09:10:35","modified_gmt":"2015-03-20T09:10:35","slug":"profil","status":"publish","type":"page","link":"https:\/\/www.lades-steuerberatung.de\/","title":{"rendered":"Profil"},"content":{"rendered":"<blockquote><p>Mein B\u00fcro ist eine etablierte und unabh\u00e4ngige Kanzlei im Herzen von M\u00fcnchen, die eine individuelle auf Ihre Bed\u00fcrfnisse ausgerichtete Beratung bietet.<\/p><\/blockquote>\n<p>Damit Sie mehr Zeit f\u00fcr das Wesentliche haben, stehe ich an Ihrer Seite und unterst\u00fctze Sie bei der Verwirklichung Ihrer wirtschaftlichen Ziele. Daf\u00fcr stehe ich Ihnen als Berater in steuerlichen Angelegenheiten und auch als Ihr unternehmerischer Begleiter zur Verf\u00fcgung.<\/p>\n<p>Die zeitnahe Bearbeitung Ihrer Anfragen und die pers\u00f6nliche Erreichbarkeit, sind ebenso wie die \u00dcberwachung Ihrer Steuertermine, Abgabetermine und Einspruchsfristen, eine Selbstverst\u00e4ndlichkeit. Sie haben wirtschaftliche oder steuerliche Fragen? Dann stehen wir Ihnen mit Rat und Tat zur Seite!<\/p>\n<p>Dabei k\u00f6nnen Sie einerseits, sowohl auf meine langj\u00e4hrige Erfahrung in der Finanzverwaltung und in der Steuerberatung z\u00e4hlen, sowie auch auf die langj\u00e4hrige Erfahrung meines Teams.<\/p>\n<p>Wir betreuen Sie in Bayern ebenso wie im Bundesgebiet und im Ausland.<\/p>\n<p>Wir freuen uns auf Sie !<\/p>\n<p>&nbsp;<\/p>\n<p><a href=\"http:\/\/lades-steuerberatung.de\/wp-content\/uploads\/2015\/01\/portrait_AL_sw.png\"><img decoding=\"async\" loading=\"lazy\" class=\" wp-image-120 size-medium alignleft\" src=\"http:\/\/lades-steuerberatung.de\/wp-content\/uploads\/2015\/01\/portrait_AL_sw-214x300.png\" alt=\"\" width=\"214\" height=\"300\" srcset=\"https:\/\/www.lades-steuerberatung.de\/wp-content\/uploads\/2015\/01\/portrait_AL_sw-214x300.png 214w, https:\/\/www.lades-steuerberatung.de\/wp-content\/uploads\/2015\/01\/portrait_AL_sw-732x1024.png 732w, https:\/\/www.lades-steuerberatung.de\/wp-content\/uploads\/2015\/01\/portrait_AL_sw.png 876w\" sizes=\"(max-width: 214px) 100vw, 214px\" \/><\/a><\/p>\n<blockquote><p>Vita Adrian Lades<\/p><\/blockquote>\n<p>Herr Lades absolvierte im Rahmen eines Ausbildungsverh\u00e4ltnisses in der bayerischen Finanzverwaltung das Studium zum Diplom-Finanzwirt (FH) an der Fachhochschule f\u00fcr Verwaltung und Rechtspflege in Herrsching a. Ammersee. In Praxisabschnitten lernte Herr Lades w\u00e4hrend des dreij\u00e4hrigen Studiums die verschiedensten Abteilungen der M\u00fcnchner Finanz\u00e4mter kennen. Im Anschluss an das Studium erfolgte die T\u00e4tigkeit beim Finanzamt in der Veranlagungsstelle sowie im Au\u00dfendienst als Steuerpr\u00fcfer. Anschlie\u00dfend war Herr Lades bei einer mittelgro\u00dfen M\u00fcnchner Kanzlei in den Bereichen Wirtschaftspr\u00fcfung und Steuerberatung t\u00e4tig. Nach Ablegung der Steuerberaterpr\u00fcfung und der Bestellung zum Steuerberater durch die Steuerberaterkammer M\u00fcnchen erfolgte der Schritt zur Gr\u00fcndung einer eigenen Kanzlei.<\/p>\n","protected":false},"excerpt":{"rendered":"<p>Mein B\u00fcro ist eine etablierte und unabh\u00e4ngige Kanzlei im Herzen von M\u00fcnchen, die eine individuelle auf Ihre Bed\u00fcrfnisse ausgerichtete Beratung bietet. Damit Sie mehr Zeit f\u00fcr das Wesentliche haben, stehe ich an Ihrer Seite und unterst\u00fctze Sie bei der Verwirklichung &hellip; <a href=\"https:\/\/www.lades-steuerberatung.de\/\">Weiter<\/a><\/p>\n","protected":false},"author":1,"featured_media":0,"parent":0,"menu_order":0,"comment_status":"closed","ping_status":"closed","template":"","meta":{"kt_blocks_editor_width":""},"_links":{"self":[{"href":"https:\/\/www.lades-steuerberatung.de\/index.php?rest_route=\/wp\/v2\/pages\/42"}],"collection":[{"href":"https:\/\/www.lades-steuerberatung.de\/index.php?rest_route=\/wp\/v2\/pages"}],"about":[{"href":"https:\/\/www.lades-steuerberatung.de\/index.php?rest_route=\/wp\/v2\/types\/page"}],"author":[{"embeddable":true,"href":"https:\/\/www.lades-steuerberatung.de\/index.php?rest_route=\/wp\/v2\/users\/1"}],"replies":[{"embeddable":true,"href":"https:\/\/www.lades-steuerberatung.de\/index.php?rest_route=%2Fwp%2Fv2%2Fcomments&post=42"}],"version-history":[{"count":6,"href":"https:\/\/www.lades-steuerberatung.de\/index.php?rest_route=\/wp\/v2\/pages\/42\/revisions"}],"predecessor-version":[{"id":122,"href":"https:\/\/www.lades-steuerberatung.de\/index.php?rest_route=\/wp\/v2\/pages\/42\/revisions\/122"}],"wp:attachment":[{"href":"https:\/\/www.lades-steuerberatung.de\/index.php?rest_route=%2Fwp%2Fv2%2Fmedia&parent=42"}],"curies":[{"name":"wp","href":"https:\/\/api.w.org\/{rel}","templated":true}]}}