{"id":16,"date":"2014-12-24T11:14:58","date_gmt":"2014-12-24T11:14:58","guid":{"rendered":"http:\/\/lades-steuerberatung.de\/?page_id=16"},"modified":"2016-05-05T12:15:50","modified_gmt":"2016-05-05T12:15:50","slug":"impressum","status":"publish","type":"page","link":"https:\/\/www.lades-steuerberatung.de\/?page_id=16","title":{"rendered":"Impressum"},"content":{"rendered":"<p>&nbsp;<\/p>\n<p>Adrian Lades<\/p>\n<p>Steuerberater<\/p>\n<p>Ismaninger Str. 65<\/p>\n<p>81675 M\u00fcnchen<\/p>\n<p>&nbsp;<\/p>\n<p>T +49 (0)89 74 66 30 87<\/p>\n<p>F +49 (0)89 74 66 30 89<\/p>\n<p>i n f o @ l a d e s &#8211; s t e u e r b e r a t u n g . d e<\/p>\n<p>&nbsp;<\/p>\n<p>Aufsichtsbeh\u00f6rde:<\/p>\n<p>Steuerberaterkammer M\u00fcnchen<br \/>\nK\u00f6rperschaft des \u00f6ffentlichen Rechts<br \/>\nNederlinger Strasse 9<br \/>\n80638 M\u00fcnchen<\/p>\n<p>&nbsp;<\/p>\n<p>Die gesetzliche Berufsbezeichnung Steuerberater wurde in der Bundesrepublik Deutschland (Bundesland: Bayern) erworben.<\/p>\n<p>Berufsrechtliche Regelungen<br \/>\n&#8211; Steuerberatungsgesetz (StBerG)<br \/>\n&#8211; Durchf\u00fchrungsverordnung zum Steuerberatungsgesetz (DVStB)<br \/>\n&#8211; Berufsordnung f\u00fcr Steuerberater (BOStB)<br \/>\n&#8211; Steuerberatergeb\u00fchrenverordnung (StBGebV)<\/p>\n<p>&nbsp;<\/p>\n<p>Datenschutzhinweis:<\/p>\n<p>Ihre personenbezogenen Daten werden vertaulich und entsprechend den gesetzlichen Datenschutzvorschriften sowie dieser Datenschutzerkl\u00e4rung behandelt. Die Nutzung der Webseite ist ohne Angabe personenbezogener Daten m\u00f6glich. Sofern Daten erhoben werden, erfolgt dies stets auf freiwilliger Basis. Eine Weitergabe an Dritte erfolgt ohne Ihre Zustimmung nicht. Ihre Angaben im Kontaktformular werden f\u00fcr die Bearbeitung der Anfrage und f\u00fcr Anschlussfragen gespeichert. Eine Weitergabe an Dritte erfolgt nicht. Sie haben das Recht auf unentgeltliche Auskunft \u00fcber Ihre gespeicherten personenbezogenen Daten, deren Herkunft und Empf\u00e4nger und den Zweck der Datenverarbeitung sowie ein Recht auf Berichtigung, Sperrung oder L\u00f6schung dieser Daten.<\/p>\n<p>&nbsp;<\/p>\n<p>Konzept und Design:<\/p>\n<p>Agentur DeussenKommunikation<\/p>\n<p>www.deussenkommunikation.de<\/p>\n","protected":false},"excerpt":{"rendered":"<p>&nbsp; Adrian Lades Steuerberater Ismaninger Str. 65 81675 M\u00fcnchen &nbsp; T +49 (0)89 74 66 30 87 F +49 (0)89 74 66 30 89 i n f o @ l a d e s &#8211; s t e u e &hellip; <a href=\"https:\/\/www.lades-steuerberatung.de\/?page_id=16\">Weiter<\/a><\/p>\n","protected":false},"author":1,"featured_media":0,"parent":0,"menu_order":0,"comment_status":"closed","ping_status":"closed","template":"","meta":{"kt_blocks_editor_width":""},"_links":{"self":[{"href":"https:\/\/www.lades-steuerberatung.de\/index.php?rest_route=\/wp\/v2\/pages\/16"}],"collection":[{"href":"https:\/\/www.lades-steuerberatung.de\/index.php?rest_route=\/wp\/v2\/pages"}],"about":[{"href":"https:\/\/www.lades-steuerberatung.de\/index.php?rest_route=\/wp\/v2\/types\/page"}],"author":[{"embeddable":true,"href":"https:\/\/www.lades-steuerberatung.de\/index.php?rest_route=\/wp\/v2\/users\/1"}],"replies":[{"embeddable":true,"href":"https:\/\/www.lades-steuerberatung.de\/index.php?rest_route=%2Fwp%2Fv2%2Fcomments&post=16"}],"version-history":[{"count":8,"href":"https:\/\/www.lades-steuerberatung.de\/index.php?rest_route=\/wp\/v2\/pages\/16\/revisions"}],"predecessor-version":[{"id":148,"href":"https:\/\/www.lades-steuerberatung.de\/index.php?rest_route=\/wp\/v2\/pages\/16\/revisions\/148"}],"wp:attachment":[{"href":"https:\/\/www.lades-steuerberatung.de\/index.php?rest_route=%2Fwp%2Fv2%2Fmedia&parent=16"}],"curies":[{"name":"wp","href":"https:\/\/api.w.org\/{rel}","templated":true}]}}